{"id":1617,"date":"2022-03-18T12:02:17","date_gmt":"2022-03-18T12:02:17","guid":{"rendered":"http:\/\/63.33.226.196\/?page_id=1617"},"modified":"2024-04-24T10:58:21","modified_gmt":"2024-04-24T10:58:21","slug":"about-crisp","status":"publish","type":"page","link":"https:\/\/ato.vision\/magazine\/about-crisp\/","title":{"rendered":"\u00dcber Crisp"},"content":{"rendered":"\t\t<div data-elementor-type=\"wp-page\" data-elementor-id=\"1617\" class=\"elementor elementor-1617\" data-elementor-post-type=\"page\">\n\t\t\t\t\t\t<section class=\"elementor-section elementor-top-section elementor-element elementor-element-f5c2764 elementor-section-boxed elementor-section-height-default elementor-section-height-default\" data-id=\"f5c2764\" data-element_type=\"section\" data-e-type=\"section\">\n\t\t\t\t\t\t<div class=\"elementor-container elementor-column-gap-default\">\n\t\t\t\t\t<div class=\"elementor-column elementor-col-100 elementor-top-column elementor-element elementor-element-2a28a08\" data-id=\"2a28a08\" data-element_type=\"column\" data-e-type=\"column\">\n\t\t\t<div class=\"elementor-widget-wrap elementor-element-populated\">\n\t\t\t\t\t\t<div class=\"elementor-element elementor-element-2e4326e elementor-widget elementor-widget-heading\" data-id=\"2e4326e\" data-element_type=\"widget\" data-e-type=\"widget\" data-widget_type=\"heading.default\">\n\t\t\t\t<div class=\"elementor-widget-container\">\n\t\t\t\t\t<h1 class=\"elementor-heading-title elementor-size-default\">\u00dcber<\/h1>\t\t\t\t<\/div>\n\t\t\t\t<\/div>\n\t\t\t\t<div class=\"elementor-element elementor-element-2938dd0 elementor-widget elementor-widget-heading\" data-id=\"2938dd0\" data-element_type=\"widget\" data-e-type=\"widget\" data-settings=\"{&quot;motion_fx_motion_fx_scrolling&quot;:&quot;yes&quot;,&quot;motion_fx_devices&quot;:[&quot;desktop&quot;]}\" data-widget_type=\"heading.default\">\n\t\t\t\t<div class=\"elementor-widget-container\">\n\t\t\t\t\t<h2 class=\"elementor-heading-title elementor-size-default\">Crisp<\/h2>\t\t\t\t<\/div>\n\t\t\t\t<\/div>\n\t\t\t\t\t<\/div>\n\t\t<\/div>\n\t\t\t\t\t<\/div>\n\t\t<\/section>\n\t\t\t\t<section class=\"elementor-section elementor-top-section elementor-element elementor-element-06fcf80 elementor-section-boxed elementor-section-height-default elementor-section-height-default\" data-id=\"06fcf80\" data-element_type=\"section\" data-e-type=\"section\">\n\t\t\t\t\t\t<div class=\"elementor-container elementor-column-gap-default\">\n\t\t\t\t\t<div class=\"elementor-column elementor-col-100 elementor-top-column elementor-element elementor-element-4dcb4f0\" data-id=\"4dcb4f0\" data-element_type=\"column\" data-e-type=\"column\">\n\t\t\t<div class=\"elementor-widget-wrap elementor-element-populated\">\n\t\t\t\t\t\t<div class=\"elementor-element elementor-element-1269563 elementor-widget elementor-widget-text-editor\" data-id=\"1269563\" data-element_type=\"widget\" data-e-type=\"widget\" data-widget_type=\"text-editor.default\">\n\t\t\t\t<div class=\"elementor-widget-container\">\n\t\t\t\t\t\t\t\t\t<p class=\"p1\">Es ist nicht einfach, den Kunstmarkt und Diskussionen aus der Kunstszene zu verstehen \u2013 viel zu abgehoben, viel zu exklusiv, selbst f\u00fcr Personen aus dem Kunstbereich. Crisp ist ein Magazin f\u00fcr alle, die die Kunstwelt verstehen und hinterfragen wollen.<br \/>Wie funktioniert das System Kunst? An welchen Stellen l\u00e4uft etwas schief? Was macht eigentlich die Faszination eines Werkes aus und wann darf man K\u00fcnstler*innen auch mal nicht ganz so ernst nehmen?<br \/>Wir schreiben \u00fcber Kunst f\u00fcr Menschen ohne Doktortitel in Kunstgeschichte, lassen Perspektiven abseits des Kunst-Kanons zu und geben Kunstschaffenden au\u00dferhalb der etablierten H\u00e4user, Institutionen und Hochglanz-Kunstmagazinen eine Stimme.<\/p><p>Das Crisp-Magazin wird von Plattform ato gef\u00f6rdert, die nicht nur Kunst online verkauft, sondern auch an der Vision arbeitet, den Kunstmarkt fairer und inklusiver zu gestalten. Mehr dar\u00fcber erfahrt ihr im <span style=\"text-decoration: underline;\"><span style=\"color: #000000; text-decoration: underline;\"><a style=\"color: #000000; text-decoration: underline;\" href=\"https:\/\/ato.vision\/newsletter-artini\">ato-Newsletter<\/a><\/span><\/span> und auf der <span style=\"text-decoration: underline;\"><span style=\"color: #000000; text-decoration: underline;\"><a style=\"color: #000000; text-decoration: underline;\" href=\"https:\/\/ato.vision\/\">ato-Webseite<\/a><\/span><\/span>.<\/p><p>Stay crisp \u2013 und folgt uns auf <span style=\"text-decoration: underline;\"><span style=\"color: #000000;\"><a style=\"color: #000000;\" href=\"https:\/\/www.instagram.com\/crisp_magazin\/\">Instagram<\/a>!<\/span><\/span><span style=\"color: #000000;\"> \u2764\ufe0f\u00a0<\/span><\/p>\t\t\t\t\t\t\t\t<\/div>\n\t\t\t\t<\/div>\n\t\t\t\t<div class=\"elementor-element elementor-element-a59a71e elementor-widget elementor-widget-heading\" data-id=\"a59a71e\" data-element_type=\"widget\" data-e-type=\"widget\" data-widget_type=\"heading.default\">\n\t\t\t\t<div class=\"elementor-widget-container\">\n\t\t\t\t\t<h3 class=\"elementor-heading-title elementor-size-default\">Schreib uns!<\/h3>\t\t\t\t<\/div>\n\t\t\t\t<\/div>\n\t\t\t\t<div class=\"elementor-element elementor-element-cb2b8c1 elementor-button-align-stretch elementor-widget elementor-widget-form\" data-id=\"cb2b8c1\" data-element_type=\"widget\" data-e-type=\"widget\" data-settings=\"{&quot;step_next_label&quot;:&quot;N\\u00e4chster&quot;,&quot;step_previous_label&quot;:&quot;Voriger&quot;,&quot;button_width&quot;:&quot;100&quot;,&quot;step_type&quot;:&quot;number_text&quot;,&quot;step_icon_shape&quot;:&quot;circle&quot;}\" data-widget_type=\"form.default\">\n\t\t\t\t<div class=\"elementor-widget-container\">\n\t\t\t\t\t\t\t<form class=\"elementor-form\" method=\"post\" name=\"Kontaktformular\" aria-label=\"Kontaktformular\">\n\t\t\t<input type=\"hidden\" name=\"post_id\" value=\"1617\"\/>\n\t\t\t<input type=\"hidden\" name=\"form_id\" value=\"cb2b8c1\"\/>\n\t\t\t<input type=\"hidden\" name=\"referer_title\" value=\"Crisp Magazin\" \/>\n\n\t\t\t\n\t\t\t<div class=\"elementor-form-fields-wrapper elementor-labels-\">\n\t\t\t\t\t\t\t\t<div class=\"elementor-field-type-text elementor-field-group elementor-column elementor-field-group-name elementor-col-100\">\n\t\t\t\t\t\t\t\t\t\t\t\t<label for=\"form-field-name\" class=\"elementor-field-label elementor-screen-only\">\n\t\t\t\t\t\t\t\tName\t\t\t\t\t\t\t<\/label>\n\t\t\t\t\t\t\t\t\t\t\t\t\t\t<input size=\"1\" type=\"text\" name=\"form_fields[name]\" id=\"form-field-name\" class=\"elementor-field elementor-size-md  elementor-field-textual\" placeholder=\"Name\">\n\t\t\t\t\t\t\t\t\t\t\t<\/div>\n\t\t\t\t\t\t\t\t<div class=\"elementor-field-type-email elementor-field-group elementor-column elementor-field-group-email elementor-col-100 elementor-field-required\">\n\t\t\t\t\t\t\t\t\t\t\t\t<label for=\"form-field-email\" class=\"elementor-field-label elementor-screen-only\">\n\t\t\t\t\t\t\t\tE-Mail\t\t\t\t\t\t\t<\/label>\n\t\t\t\t\t\t\t\t\t\t\t\t\t\t<input size=\"1\" type=\"email\" name=\"form_fields[email]\" id=\"form-field-email\" class=\"elementor-field elementor-size-md  elementor-field-textual\" placeholder=\"E-Mail\" required=\"required\">\n\t\t\t\t\t\t\t\t\t\t\t<\/div>\n\t\t\t\t\t\t\t\t<div class=\"elementor-field-type-textarea elementor-field-group elementor-column elementor-field-group-message elementor-col-100\">\n\t\t\t\t\t\t\t\t\t\t\t\t<label for=\"form-field-message\" class=\"elementor-field-label elementor-screen-only\">\n\t\t\t\t\t\t\t\tNachricht\t\t\t\t\t\t\t<\/label>\n\t\t\t\t\t\t<textarea class=\"elementor-field-textual elementor-field  elementor-size-md\" name=\"form_fields[message]\" id=\"form-field-message\" rows=\"4\" placeholder=\"Nachricht\"><\/textarea>\t\t\t\t<\/div>\n\t\t\t\t\t\t\t\t<div class=\"elementor-field-group elementor-column elementor-field-type-submit elementor-col-100 e-form__buttons\">\n\t\t\t\t\t<button class=\"elementor-button elementor-size-sm\" type=\"submit\">\n\t\t\t\t\t\t<span class=\"elementor-button-content-wrapper\">\n\t\t\t\t\t\t\t\t\t\t\t\t\t\t\t\t\t\t\t\t\t\t<span class=\"elementor-button-text\">Senden<\/span>\n\t\t\t\t\t\t\t\t\t\t\t\t\t<\/span>\n\t\t\t\t\t<\/button>\n\t\t\t\t<\/div>\n\t\t\t<\/div>\n\t\t<\/form>\n\t\t\t\t\t\t<\/div>\n\t\t\t\t<\/div>\n\t\t\t\t\t<\/div>\n\t\t<\/div>\n\t\t\t\t\t<\/div>\n\t\t<\/section>\n\t\t\t\t<\/div>\n\t\t","protected":false},"excerpt":{"rendered":"<p>\u00dcber Crisp Es ist nicht einfach, den Kunstmarkt und Diskussionen aus der Kunstszene zu verstehen \u2013 viel zu abgehoben, viel zu exklusiv, selbst f\u00fcr Personen aus dem Kunstbereich. Crisp ist ein Magazin f\u00fcr alle, die die Kunstwelt verstehen und hinterfragen wollen. Wie funktioniert das System Kunst? An welchen Stellen l\u00e4uft etwas schief? Was macht eigentlich [&hellip;]<\/p>\n","protected":false},"author":2,"featured_media":2345,"parent":0,"menu_order":0,"comment_status":"closed","ping_status":"closed","template":"elementor_theme","meta":{"_acf_changed":false,"footnotes":""},"class_list":["post-1617","page","type-page","status-publish","has-post-thumbnail","hentry"],"acf":[],"yoast_head":"<!-- This site is optimized with the Yoast SEO plugin v27.5 - https:\/\/yoast.com\/product\/yoast-seo-wordpress\/ -->\n<title>\u00dcber Crisp - Crisp Magazin - ato Kunstplattform<\/title>\n<meta name=\"description\" content=\"Das online Kunstmagazin Crisp wird von der Kunstplattform ato herausgegeben und hinterfragt Entwicklungen in der Kunstwelt.\" \/>\n<meta name=\"robots\" content=\"index, follow, max-snippet:-1, max-image-preview:large, max-video-preview:-1\" \/>\n<link rel=\"canonical\" href=\"https:\/\/ato.vision\/magazine\/about-crisp\/\" \/>\n<meta property=\"og:locale\" content=\"de_DE\" \/>\n<meta property=\"og:type\" content=\"article\" \/>\n<meta property=\"og:title\" content=\"\u00dcber Crisp - Crisp Magazin - ato Kunstplattform\" \/>\n<meta property=\"og:description\" content=\"Das online Kunstmagazin Crisp wird von der Kunstplattform ato herausgegeben und hinterfragt Entwicklungen in der Kunstwelt.\" \/>\n<meta property=\"og:url\" content=\"https:\/\/ato.vision\/magazine\/about-crisp\/\" \/>\n<meta property=\"og:site_name\" content=\"Crisp Magazin\" \/>\n<meta property=\"article:modified_time\" content=\"2024-04-24T10:58:21+00:00\" \/>\n<meta property=\"og:image\" content=\"https:\/\/ato.vision\/magazine\/wp-content\/uploads\/2022\/02\/Crisp_Logo-scaled.jpg\" \/>\n\t<meta property=\"og:image:width\" content=\"2560\" \/>\n\t<meta property=\"og:image:height\" content=\"2239\" \/>\n\t<meta property=\"og:image:type\" content=\"image\/jpeg\" \/>\n<meta name=\"twitter:card\" content=\"summary_large_image\" \/>\n<meta name=\"twitter:label1\" content=\"Gesch\u00e4tzte Lesezeit\" \/>\n\t<meta name=\"twitter:data1\" content=\"2\u00a0Minuten\" \/>\n<script type=\"application\/ld+json\" class=\"yoast-schema-graph\">{\"@context\":\"https:\\\/\\\/schema.org\",\"@graph\":[{\"@type\":\"WebPage\",\"@id\":\"https:\\\/\\\/ato.vision\\\/magazine\\\/about-crisp\\\/\",\"url\":\"https:\\\/\\\/ato.vision\\\/magazine\\\/about-crisp\\\/\",\"name\":\"\u00dcber Crisp - Crisp Magazin - ato Kunstplattform\",\"isPartOf\":{\"@id\":\"https:\\\/\\\/ato.vision\\\/magazine\\\/#website\"},\"primaryImageOfPage\":{\"@id\":\"https:\\\/\\\/ato.vision\\\/magazine\\\/about-crisp\\\/#primaryimage\"},\"image\":{\"@id\":\"https:\\\/\\\/ato.vision\\\/magazine\\\/about-crisp\\\/#primaryimage\"},\"thumbnailUrl\":\"https:\\\/\\\/ato.vision\\\/magazine\\\/wp-content\\\/uploads\\\/2022\\\/02\\\/Crisp_Logo-scaled.jpg\",\"datePublished\":\"2022-03-18T12:02:17+00:00\",\"dateModified\":\"2024-04-24T10:58:21+00:00\",\"description\":\"Das online Kunstmagazin Crisp wird von der Kunstplattform ato herausgegeben und hinterfragt Entwicklungen in der Kunstwelt.\",\"breadcrumb\":{\"@id\":\"https:\\\/\\\/ato.vision\\\/magazine\\\/about-crisp\\\/#breadcrumb\"},\"inLanguage\":\"de\",\"potentialAction\":[{\"@type\":\"ReadAction\",\"target\":[\"https:\\\/\\\/ato.vision\\\/magazine\\\/about-crisp\\\/\"]}]},{\"@type\":\"ImageObject\",\"inLanguage\":\"de\",\"@id\":\"https:\\\/\\\/ato.vision\\\/magazine\\\/about-crisp\\\/#primaryimage\",\"url\":\"https:\\\/\\\/ato.vision\\\/magazine\\\/wp-content\\\/uploads\\\/2022\\\/02\\\/Crisp_Logo-scaled.jpg\",\"contentUrl\":\"https:\\\/\\\/ato.vision\\\/magazine\\\/wp-content\\\/uploads\\\/2022\\\/02\\\/Crisp_Logo-scaled.jpg\",\"width\":2560,\"height\":2239},{\"@type\":\"BreadcrumbList\",\"@id\":\"https:\\\/\\\/ato.vision\\\/magazine\\\/about-crisp\\\/#breadcrumb\",\"itemListElement\":[{\"@type\":\"ListItem\",\"position\":1,\"name\":\"Startseite\",\"item\":\"https:\\\/\\\/ato.vision\\\/magazine\\\/\"},{\"@type\":\"ListItem\",\"position\":2,\"name\":\"\u00dcber Crisp\"}]},{\"@type\":\"WebSite\",\"@id\":\"https:\\\/\\\/ato.vision\\\/magazine\\\/#website\",\"url\":\"https:\\\/\\\/ato.vision\\\/magazine\\\/\",\"name\":\"Crisp Magazin\",\"description\":\"Junges, kritisches Kunstmagazin \u2013 herausgegeben von ato\",\"publisher\":{\"@id\":\"https:\\\/\\\/ato.vision\\\/magazine\\\/#organization\"},\"potentialAction\":[{\"@type\":\"SearchAction\",\"target\":{\"@type\":\"EntryPoint\",\"urlTemplate\":\"https:\\\/\\\/ato.vision\\\/magazine\\\/?s={search_term_string}\"},\"query-input\":{\"@type\":\"PropertyValueSpecification\",\"valueRequired\":true,\"valueName\":\"search_term_string\"}}],\"inLanguage\":\"de\"},{\"@type\":\"Organization\",\"@id\":\"https:\\\/\\\/ato.vision\\\/magazine\\\/#organization\",\"name\":\"ato\",\"url\":\"https:\\\/\\\/ato.vision\\\/magazine\\\/\",\"logo\":{\"@type\":\"ImageObject\",\"inLanguage\":\"de\",\"@id\":\"https:\\\/\\\/ato.vision\\\/magazine\\\/#\\\/schema\\\/logo\\\/image\\\/\",\"url\":\"https:\\\/\\\/ato.vision\\\/magazine\\\/wp-content\\\/uploads\\\/2022\\\/02\\\/ato_Logo_rund.png\",\"contentUrl\":\"https:\\\/\\\/ato.vision\\\/magazine\\\/wp-content\\\/uploads\\\/2022\\\/02\\\/ato_Logo_rund.png\",\"width\":862,\"height\":862,\"caption\":\"ato\"},\"image\":{\"@id\":\"https:\\\/\\\/ato.vision\\\/magazine\\\/#\\\/schema\\\/logo\\\/image\\\/\"}}]}<\/script>\n<!-- \/ Yoast SEO plugin. -->","yoast_head_json":{"title":"\u00dcber Crisp - Crisp Magazin - ato Kunstplattform","description":"Das online Kunstmagazin Crisp wird von der Kunstplattform ato herausgegeben und hinterfragt Entwicklungen in der Kunstwelt.","robots":{"index":"index","follow":"follow","max-snippet":"max-snippet:-1","max-image-preview":"max-image-preview:large","max-video-preview":"max-video-preview:-1"},"canonical":"https:\/\/ato.vision\/magazine\/about-crisp\/","og_locale":"de_DE","og_type":"article","og_title":"\u00dcber Crisp - Crisp Magazin - ato Kunstplattform","og_description":"Das online Kunstmagazin Crisp wird von der Kunstplattform ato herausgegeben und hinterfragt Entwicklungen in der Kunstwelt.","og_url":"https:\/\/ato.vision\/magazine\/about-crisp\/","og_site_name":"Crisp Magazin","article_modified_time":"2024-04-24T10:58:21+00:00","og_image":[{"width":2560,"height":2239,"url":"https:\/\/ato.vision\/magazine\/wp-content\/uploads\/2022\/02\/Crisp_Logo-scaled.jpg","type":"image\/jpeg"}],"twitter_card":"summary_large_image","twitter_misc":{"Gesch\u00e4tzte Lesezeit":"2\u00a0Minuten"},"schema":{"@context":"https:\/\/schema.org","@graph":[{"@type":"WebPage","@id":"https:\/\/ato.vision\/magazine\/about-crisp\/","url":"https:\/\/ato.vision\/magazine\/about-crisp\/","name":"\u00dcber Crisp - Crisp Magazin - ato Kunstplattform","isPartOf":{"@id":"https:\/\/ato.vision\/magazine\/#website"},"primaryImageOfPage":{"@id":"https:\/\/ato.vision\/magazine\/about-crisp\/#primaryimage"},"image":{"@id":"https:\/\/ato.vision\/magazine\/about-crisp\/#primaryimage"},"thumbnailUrl":"https:\/\/ato.vision\/magazine\/wp-content\/uploads\/2022\/02\/Crisp_Logo-scaled.jpg","datePublished":"2022-03-18T12:02:17+00:00","dateModified":"2024-04-24T10:58:21+00:00","description":"Das online Kunstmagazin Crisp wird von der Kunstplattform ato herausgegeben und hinterfragt Entwicklungen in der Kunstwelt.","breadcrumb":{"@id":"https:\/\/ato.vision\/magazine\/about-crisp\/#breadcrumb"},"inLanguage":"de","potentialAction":[{"@type":"ReadAction","target":["https:\/\/ato.vision\/magazine\/about-crisp\/"]}]},{"@type":"ImageObject","inLanguage":"de","@id":"https:\/\/ato.vision\/magazine\/about-crisp\/#primaryimage","url":"https:\/\/ato.vision\/magazine\/wp-content\/uploads\/2022\/02\/Crisp_Logo-scaled.jpg","contentUrl":"https:\/\/ato.vision\/magazine\/wp-content\/uploads\/2022\/02\/Crisp_Logo-scaled.jpg","width":2560,"height":2239},{"@type":"BreadcrumbList","@id":"https:\/\/ato.vision\/magazine\/about-crisp\/#breadcrumb","itemListElement":[{"@type":"ListItem","position":1,"name":"Startseite","item":"https:\/\/ato.vision\/magazine\/"},{"@type":"ListItem","position":2,"name":"\u00dcber Crisp"}]},{"@type":"WebSite","@id":"https:\/\/ato.vision\/magazine\/#website","url":"https:\/\/ato.vision\/magazine\/","name":"Crisp Magazin","description":"Junges, kritisches Kunstmagazin \u2013 herausgegeben von ato","publisher":{"@id":"https:\/\/ato.vision\/magazine\/#organization"},"potentialAction":[{"@type":"SearchAction","target":{"@type":"EntryPoint","urlTemplate":"https:\/\/ato.vision\/magazine\/?s={search_term_string}"},"query-input":{"@type":"PropertyValueSpecification","valueRequired":true,"valueName":"search_term_string"}}],"inLanguage":"de"},{"@type":"Organization","@id":"https:\/\/ato.vision\/magazine\/#organization","name":"ato","url":"https:\/\/ato.vision\/magazine\/","logo":{"@type":"ImageObject","inLanguage":"de","@id":"https:\/\/ato.vision\/magazine\/#\/schema\/logo\/image\/","url":"https:\/\/ato.vision\/magazine\/wp-content\/uploads\/2022\/02\/ato_Logo_rund.png","contentUrl":"https:\/\/ato.vision\/magazine\/wp-content\/uploads\/2022\/02\/ato_Logo_rund.png","width":862,"height":862,"caption":"ato"},"image":{"@id":"https:\/\/ato.vision\/magazine\/#\/schema\/logo\/image\/"}}]}},"_links":{"self":[{"href":"https:\/\/ato.vision\/magazine\/wp-json\/wp\/v2\/pages\/1617","targetHints":{"allow":["GET"]}}],"collection":[{"href":"https:\/\/ato.vision\/magazine\/wp-json\/wp\/v2\/pages"}],"about":[{"href":"https:\/\/ato.vision\/magazine\/wp-json\/wp\/v2\/types\/page"}],"author":[{"embeddable":true,"href":"https:\/\/ato.vision\/magazine\/wp-json\/wp\/v2\/users\/2"}],"replies":[{"embeddable":true,"href":"https:\/\/ato.vision\/magazine\/wp-json\/wp\/v2\/comments?post=1617"}],"version-history":[{"count":356,"href":"https:\/\/ato.vision\/magazine\/wp-json\/wp\/v2\/pages\/1617\/revisions"}],"predecessor-version":[{"id":8696,"href":"https:\/\/ato.vision\/magazine\/wp-json\/wp\/v2\/pages\/1617\/revisions\/8696"}],"wp:featuredmedia":[{"embeddable":true,"href":"https:\/\/ato.vision\/magazine\/wp-json\/wp\/v2\/media\/2345"}],"wp:attachment":[{"href":"https:\/\/ato.vision\/magazine\/wp-json\/wp\/v2\/media?parent=1617"}],"curies":[{"name":"wp","href":"https:\/\/api.w.org\/{rel}","templated":true}]}}